{"id":445,"date":"2026-02-10T12:19:18","date_gmt":"2026-02-10T12:19:18","guid":{"rendered":"https:\/\/norplan.es\/?page_id=445"},"modified":"2026-02-17T09:25:26","modified_gmt":"2026-02-17T09:25:26","slug":"curso-inspeccion-motores-diesel","status":"publish","type":"page","link":"https:\/\/norplan.es\/en\/curso-inspeccion-motores-diesel\/","title":{"rendered":"Curso de inspecci\u00f3n y mantenimiento predictivo en motores di\u00e9sel marinos"},"content":{"rendered":"<div data-elementor-type=\"wp-page\" data-elementor-id=\"445\" class=\"elementor elementor-445\" data-elementor-post-type=\"page\">\n\t\t\t\t<div class=\"elementor-element elementor-element-0b1bdfb e-con-full e-flex e-con e-parent\" data-id=\"0b1bdfb\" data-element_type=\"container\" data-e-type=\"container\">\n\t\t<div class=\"elementor-element elementor-element-921426c e-flex e-con-boxed e-con e-child\" data-id=\"921426c\" data-element_type=\"container\" data-e-type=\"container\">\n\t\t\t\t\t<div class=\"e-con-inner\">\n\t\t\t\t<div class=\"elementor-element elementor-element-4bfd5fd elementor-widget elementor-widget-heading\" data-id=\"4bfd5fd\" data-element_type=\"widget\" data-e-type=\"widget\" data-widget_type=\"heading.default\">\n\t\t\t\t\t<h1 class=\"elementor-heading-title elementor-size-default\">Curso de inspecci\u00f3n y mantenimiento predictivo en motores di\u00e9sel marinos<\/h1>\t\t\t\t<\/div>\n\t\t\t\t<div class=\"elementor-element elementor-element-2b5f7c1 elementor-widget elementor-widget-theme-post-featured-image elementor-widget-image\" data-id=\"2b5f7c1\" data-element_type=\"widget\" data-e-type=\"widget\" data-widget_type=\"theme-post-featured-image.default\">\n\t\t\t\t\t\t\t\t\t\t\t\t<figure class=\"wp-caption\">\n\t\t\t\t\t\t\t\t\t\t<img fetchpriority=\"high\" decoding=\"async\" width=\"800\" height=\"448\" src=\"https:\/\/norplan.es\/wp-content\/uploads\/2026\/02\/Motores-diesel-marinios-1024x573.jpg\" class=\"attachment-large size-large wp-image-448\" alt=\"\" srcset=\"https:\/\/norplan.es\/wp-content\/uploads\/2026\/02\/Motores-diesel-marinios-1024x573.jpg 1024w, https:\/\/norplan.es\/wp-content\/uploads\/2026\/02\/Motores-diesel-marinios-300x168.jpg 300w, https:\/\/norplan.es\/wp-content\/uploads\/2026\/02\/Motores-diesel-marinios-768x430.jpg 768w, https:\/\/norplan.es\/wp-content\/uploads\/2026\/02\/Motores-diesel-marinios-1536x860.jpg 1536w, https:\/\/norplan.es\/wp-content\/uploads\/2026\/02\/Motores-diesel-marinios-18x10.jpg 18w, https:\/\/norplan.es\/wp-content\/uploads\/2026\/02\/Motores-diesel-marinios.jpg 1600w\" sizes=\"(max-width: 800px) 100vw, 800px\" \/>\t\t\t\t\t\t\t\t\t\t\t<figcaption class=\"widget-image-caption wp-caption-text\">MAN D2840 LF<\/figcaption>\n\t\t\t\t\t\t\t\t\t\t<\/figure>\n\t\t\t\t\t\t\t\t\t<\/div>\n\t\t\t\t<div class=\"elementor-element elementor-element-b2d3517 elementor-widget elementor-widget-text-editor\" data-id=\"b2d3517\" data-element_type=\"widget\" data-e-type=\"widget\" data-widget_type=\"text-editor.default\">\n\t\t\t\t\t\t\t\t\t<table width=\"400\" cellpadding=\"5\" align=\"right\"><tbody><tr><td align=\"right\" bgcolor=\"#F5F5F5\" width=\"185\"><h6 style=\"text-align: center;\"><strong>Course duration:<\/strong><\/h6><\/td><td bgcolor=\"#F5F5F5\" width=\"187\"><h6 style=\"text-align: center;\"><strong>60 horas, ONLINE<\/strong><\/h6><\/td><\/tr><tr><td align=\"right\" bgcolor=\"#F5F5F5\"><h6 style=\"text-align: center;\"><strong>Starting date:<\/strong><\/h6><\/td><td bgcolor=\"#F5F5F5\"><h6 style=\"text-align: center;\"><strong>16 de Febrero de 2026<\/strong><\/h6><\/td><\/tr><tr><td align=\"right\" bgcolor=\"#F5F5F5\"><h6 style=\"text-align: center;\"><strong>Maximum time:<\/strong><\/h6><\/td><td bgcolor=\"#F5F5F5\"><h6 style=\"text-align: center;\"><strong>8 Semanas<\/strong><\/h6><\/td><\/tr><tr><td align=\"right\" bgcolor=\"#F5F5F5\"><h6 style=\"text-align: center;\"><strong>Standar Price:<\/strong><\/h6><\/td><td bgcolor=\"#F5F5F5\"><h6 style=\"text-align: center;\"><strong>300 \u20ac<\/strong><\/h6><\/td><\/tr><\/tbody><\/table>\t\t\t\t\t\t\t\t<\/div>\n\t\t\t\t<div class=\"elementor-element elementor-element-9e47b42 elementor-widget elementor-widget-text-editor\" data-id=\"9e47b42\" data-element_type=\"widget\" data-e-type=\"widget\" data-widget_type=\"text-editor.default\">\n\t\t\t\t\t\t\t\t\t<ul><li><span style=\"color: #000000;\"><strong>El objetivo del curso<\/strong><\/span> es capacitar al alumno para diagnosticar aver\u00edas en motores di\u00e9sel marinos, bas\u00e1ndose en diferentes procedimientos de inspecci\u00f3n, an\u00e1lisis, y actuaciones de mantenimiento predictivo, las cuales nos van a indicar las condiciones en que se encuentra la m\u00e1quina.<br \/><br \/><\/li><li>Este curso es impartido por\u00a0<b>profesionales cualificados<\/b>, que cuentan con experiencia profesional acreditada y formaci\u00f3n especializada en esta materia.<br \/><br \/><\/li><li>Se entregan <b>Manuales en pdf, Videotutoriales, Ejercicios pr\u00e1cticos<\/b>, plataforma online disponible 24 horas\/7 d\u00edas a la semana, con diversos recursos de comunicaci\u00f3n (chat, foros, mensajer\u00eda, Skype, etc), y profesores con experiencia profesional acreditada en la materia. Al final del curso se emitir\u00e1 el correspondiente\u00a0<b>diploma certificado<\/b>.<br \/><br \/><\/li><li><span style=\"color: #000000;\"><strong>Es necesario<\/strong> <\/span>contar con conocimientos b\u00e1sicos de motores Di\u00e9sel.<\/li><\/ul>\t\t\t\t\t\t\t\t<\/div>\n\t\t\t\t<div class=\"elementor-element elementor-element-65851ab elementor-widget elementor-widget-text-editor\" data-id=\"65851ab\" data-element_type=\"widget\" data-e-type=\"widget\" data-widget_type=\"text-editor.default\">\n\t\t\t\t\t\t\t\t\t<h6>Formaci\u00f3n impartida por <a href=\"http:\/\/www.technicalcourses.net\/portal\/es\/inicio\/inicio_index.php\">Technical Courses<\/a>, plataforma de NORPLAN Engineering, con m\u00e1s de 12 a\u00f1os de experiencia en formaci\u00f3n t\u00e9cnica online.<\/h6>\t\t\t\t\t\t\t\t<\/div>\n\t\t\t\t\t<\/div>\n\t\t\t\t<\/div>\n\t\t\t\t<div class=\"elementor-element elementor-element-9038518 elementor-align-justify elementor-widget__width-initial elementor-widget elementor-widget-button\" data-id=\"9038518\" data-element_type=\"widget\" data-e-type=\"widget\" data-widget_type=\"button.default\">\n\t\t\t\t\t\t\t\t\t\t<a class=\"elementor-button elementor-button-link elementor-size-sm\" href=\"http:\/\/www.technicalcourses.net\/portal\/es\/cursos\/cursos_ficha.php?curso_id=38\">\n\t\t\t\t\t\t<span class=\"elementor-button-content-wrapper\">\n\t\t\t\t\t\t\t\t\t<span class=\"elementor-button-text\">Get to the course content<\/span>\n\t\t\t\t\t<\/span>\n\t\t\t\t\t<\/a>\n\t\t\t\t\t\t\t\t<\/div>\n\t\t\t\t<\/div>\n\t\t\t\t<\/div>","protected":false},"excerpt":{"rendered":"<p>Capac\u00edtate para diagnosticar aver\u00edas en motores di\u00e9sel marinos, bas\u00e1ndose en diferentes procedimientos de inspecci\u00f3n, an\u00e1lisis, y actuaciones de mantenimiento predictivo, las cuales nos van a indicar las condiciones en que se encuentra la m\u00e1quina.<\/p>","protected":false},"author":1,"featured_media":448,"parent":0,"menu_order":0,"comment_status":"closed","ping_status":"closed","template":"","meta":{"footnotes":""},"class_list":["post-445","page","type-page","status-publish","has-post-thumbnail","hentry"],"_links":{"self":[{"href":"https:\/\/norplan.es\/en\/wp-json\/wp\/v2\/pages\/445","targetHints":{"allow":["GET"]}}],"collection":[{"href":"https:\/\/norplan.es\/en\/wp-json\/wp\/v2\/pages"}],"about":[{"href":"https:\/\/norplan.es\/en\/wp-json\/wp\/v2\/types\/page"}],"author":[{"embeddable":true,"href":"https:\/\/norplan.es\/en\/wp-json\/wp\/v2\/users\/1"}],"replies":[{"embeddable":true,"href":"https:\/\/norplan.es\/en\/wp-json\/wp\/v2\/comments?post=445"}],"version-history":[{"count":46,"href":"https:\/\/norplan.es\/en\/wp-json\/wp\/v2\/pages\/445\/revisions"}],"predecessor-version":[{"id":523,"href":"https:\/\/norplan.es\/en\/wp-json\/wp\/v2\/pages\/445\/revisions\/523"}],"wp:featuredmedia":[{"embeddable":true,"href":"https:\/\/norplan.es\/en\/wp-json\/wp\/v2\/media\/448"}],"wp:attachment":[{"href":"https:\/\/norplan.es\/en\/wp-json\/wp\/v2\/media?parent=445"}],"curies":[{"name":"wp","href":"https:\/\/api.w.org\/{rel}","templated":true}]}}